{"id":9,"date":"2016-04-25T17:47:15","date_gmt":"2016-04-25T15:47:15","guid":{"rendered":"https:\/\/woeginger.net\/?page_id=9"},"modified":"2016-04-25T17:47:15","modified_gmt":"2016-04-25T15:47:15","slug":"seebestattung","status":"publish","type":"page","link":"https:\/\/woeginger.net\/?page_id=9","title":{"rendered":"Seebestattung"},"content":{"rendered":"<p><span style=\"font-family: Arial, Verdana, sans-serif; text-align: center; font-size: small;\">So mancher fragt sich in einem Binnenland wie \u00d6sterreich nat\u00fcrlich zu allererst:<\/span><br style=\"font-family: Arial, Verdana, sans-serif; font-size: 12px; text-align: center;\" \/><br style=\"font-family: Arial, Verdana, sans-serif; font-size: 12px; text-align: center;\" \/><span style=\"font-family: Arial, Verdana, sans-serif; text-align: center; font-size: medium;\"><span style=\"color: #800000;\"><strong>\u201eWas soll man den mit einer Seebestattung?\u201c<\/strong><\/span><\/span><br style=\"font-family: Arial, Verdana, sans-serif; font-size: 12px; text-align: center;\" \/><br style=\"font-family: Arial, Verdana, sans-serif; font-size: 12px; text-align: center;\" \/><span style=\"font-family: Arial, Verdana, sans-serif; text-align: center; font-size: small;\">Denn unsere historischen Verbindungen zum Meer, wie etwa der Seeschlacht von Lissa der K &amp; K Kriegsmarine als nicht nur Behmen sondern auch die See noch bei Estreich war, oder auch die von vielen jungen \u00d6sterreichern, die in der Marine des 3. Reiches ihren Dienst versahen, liegt fern ab, zur\u00fcck.<\/span><\/p>\n<p>Auf den ersten Blick kommen uns sicherlich die vielen Freunde des Meeres in den Sinn. Skipper und Seeleute, die zu guter Letzt ihren Frieden in der Weite der See finden m\u00f6chten.<br \/>\nAber auch f\u00fcr Alle, die aus vielerlei Gr\u00fcnden, auf andere Art und Weise ihre absolute Freiheit und Losl\u00f6sung von irdischen und materiellen G\u00fctern erfahren wollen, haben wir<strong>\u00a0<\/strong>diese W\u00fcrdevolle Beisetzungsform au\u00dferhalb einer Dreimeilenzone (wer will Weltweit) in einer biologisch abbaubaren Urne auserkoren und in die Mitte unseres Aufgabenbereiches gestellt.<br \/>\nOb nun Jemand das Rad des Schicksals und der Wiedergeburt, durchbrechen m\u00f6chte, oder einfach nur die Vorstellung dass seine \u00dcberreste im Scho\u00df von Muttererde umgewandelt werden ein Gr\u00e4uel darstellt ( Sturm statt Wurm), bietet sich hier eine wunderbar einfache und sogar g\u00fcnstige Alternative seinen Weg auf Erden zu beschlie\u00dfen.<br \/>\nDa das Leben ja dem Meer entstieg, (Hans Hass der Tauchpionier sagte ganz bewusst<br \/>\n\u201ewir kommen aus dem Meer\u201c ) ist das schwerelose Wiedereingliedern unserer materiellen \u00dcberreste in den Kreislauf der Natur, v\u00f6llig frei von Grabdenkm\u00e4lern und Monumenten, und jemanden der sich darum k\u00fcmmert, eine freundliche Vision die es sich sicherlich zu erw\u00e4gen lohnt F\u00fcr eventuelle andere alternative Ideen und stehen wir, so realisierbar gerne zur Verf\u00fcgung ( letzter Wille \u2013 Lebzeitenauftrag)<\/p>\n<p>Preis bitte anfragen<br \/>\nTrauergruppe &amp; Zeremonie &gt;15 Personen<br \/>\n&lt; 15 Personen<\/p>\n<p>Stille Seebestattung Adria<\/p>\n<p>Verstreuung<\/p>\n<p>Preise f\u00fcr alle anderen W\u00fcnsche und Beisetzungsgebiete nach Vereinbarung.<\/p>\n","protected":false},"excerpt":{"rendered":"<p>So mancher fragt sich in einem Binnenland wie \u00d6sterreich nat\u00fcrlich zu allererst:\u201eWas soll man den mit einer Seebestattung?\u201cDenn unsere historischen Verbindungen zum Meer, wie etwa der Seeschlacht von Lissa der K &amp; K Kriegsmarine als nicht nur Behmen sondern auch &hellip; <a href=\"https:\/\/woeginger.net\/?page_id=9\">Weiterlesen <span class=\"meta-nav\">&rarr;<\/span><\/a><\/p>\n","protected":false},"author":1,"featured_media":0,"parent":0,"menu_order":0,"comment_status":"closed","ping_status":"closed","template":"","meta":{"footnotes":""},"class_list":["post-9","page","type-page","status-publish","hentry"],"_links":{"self":[{"href":"https:\/\/woeginger.net\/index.php?rest_route=\/wp\/v2\/pages\/9","targetHints":{"allow":["GET"]}}],"collection":[{"href":"https:\/\/woeginger.net\/index.php?rest_route=\/wp\/v2\/pages"}],"about":[{"href":"https:\/\/woeginger.net\/index.php?rest_route=\/wp\/v2\/types\/page"}],"author":[{"embeddable":true,"href":"https:\/\/woeginger.net\/index.php?rest_route=\/wp\/v2\/users\/1"}],"replies":[{"embeddable":true,"href":"https:\/\/woeginger.net\/index.php?rest_route=%2Fwp%2Fv2%2Fcomments&post=9"}],"version-history":[{"count":2,"href":"https:\/\/woeginger.net\/index.php?rest_route=\/wp\/v2\/pages\/9\/revisions"}],"predecessor-version":[{"id":11,"href":"https:\/\/woeginger.net\/index.php?rest_route=\/wp\/v2\/pages\/9\/revisions\/11"}],"wp:attachment":[{"href":"https:\/\/woeginger.net\/index.php?rest_route=%2Fwp%2Fv2%2Fmedia&parent=9"}],"curies":[{"name":"wp","href":"https:\/\/api.w.org\/{rel}","templated":true}]}}