{"id":6,"date":"2016-04-25T17:46:08","date_gmt":"2016-04-25T15:46:08","guid":{"rendered":"https:\/\/woeginger.net\/?page_id=6"},"modified":"2016-04-25T17:46:08","modified_gmt":"2016-04-25T15:46:08","slug":"transporte","status":"publish","type":"page","link":"https:\/\/woeginger.net\/?page_id=6","title":{"rendered":"Transporte"},"content":{"rendered":"<p><strong style=\"font-family: Arial, Verdana, sans-serif; font-size: 12px; text-align: center;\">Wir haben uns auf einen schnellen und w\u00fcrdevollen Transport Verstorbener spezialisiert und k\u00f6nnen daher die Bestattungskosten auf ein Minimum reduzieren.<\/strong><\/p>\n<p>Ob nationale oder internationale Trauerf\u00e4lle, auch in L\u00e4ndern, in denen normalerweise noch Transporte und Reisen schwierig und mit Gefahren verbunden sind, wickeln wir f\u00fcr sie zuverl\u00e4ssig ab.<\/p>\n<p>Hilfestellung bei eventuell vorgeschriebenen Konservierungsma\u00dfnahmen. Preise auf Anfrage. Wir arbeiten mit dem 1. \u00d6sterreichischen Thanatologieinstitut zusammen. An- und Abtransporte werden mit inkludiert!<\/p>\n<p>\u00dcbermittlung von Kleidung mittels DPD oder Dokumente mittels e-Mail durchf\u00fchrbar.<\/p>\n<p>F\u00fcr den Transport verwenden wir entweder unsere speziellen Transports\u00e4rge, mit Blecheins\u00e4tzen. Sonderw\u00fcnsche siehe Sargkatalog. Wenn Verl\u00f6tung wie bei Infektionen notwendig passen diese in Mosers\u00e4rge auch Tausch zum Ob.<\/p>\n<p>Unsere g\u00fcnstigen Preise auf Anfrage. Wir k\u00f6nnen bis zu 4 S\u00e4rge gleichzeitig transportieren.<\/p>\n<p>F\u00fcr organisatorische Abwicklungen, wie Papiere, Besorgungen auf Botschaften, oder die in manchen<\/p>\n<p>Preise in \u20ac inkl Mwst. bitte anfragen:<\/p>\n<p>von Wien sowie im Umkreis von 100 km unserer Firmensitze<\/p>\n<p>\u00dcberf\u00fchrungen \u00f6sterreichweit inkl. Besorgungen usw. verl\u00f6ten usw. bis\u00a0 500 km\/km<\/p>\n<p>\u00dcberf\u00fchrungen \u00f6sterreichweit inkl. Besorgungen usw. verl\u00f6ten usw. \u00fcber 500 km\/km<\/p>\n<p>Auslandsfahrten in umliegende europ\u00e4ischen L\u00e4nder nach Absprache \u00fcber 1.000 km sind Besorgungen wie Botschaftswege und dergleichen, sowie eventuell Papiere beinhaltet. Unsere Preise sind Konkurrenzf\u00e4hig zu Ausl\u00e4ndischen Angeboten.<\/p>\n<p>Flughafenpauschale inkl. Besorgungen ev. Botschaften Pauschalpreis 120kg Istanbul T\u00fcrk Sterbefall\u00a0 Papiere Sarg Leichentuch Waschung Abholung, Versorgung, Besorgung der Papiere auf der Botschaft, Geb\u00fchren der Bewilligungen, Sarg, Einsatz, Versargen, Transport nach Schwechat ,zum n\u00e4chst m\u00f6glichen Flughafen, Flugtransportkosten, binnen 24 Stunden ab Ausstellung der Papiere Ankunft in der Heimat m\u00f6glich, (ausgenommen Wochenende), Buchungshilfe f\u00fcr Trauerg\u00e4ste, wenn erw\u00fcnscht wird, dass alle zusammen in der Heimat ankommen.<\/p>\n<p>Siehe Seebestattung still inkl. Sarg und Fahrt zum Krematorium. Eilige Transfers von und zu den Flugh\u00e4fen, von t\u00fcrkischen, muslimen, oder j\u00fcdischen Verstorbenen, aus ganz \u00d6sterreich sind wir bem\u00fcht, binnen24 \u00b0\u00b0 abzuwickeln. Pauschalpreis bis Ankara<\/p>\n<p>Aus unserer bisher gewonnen Erfahrung wissen wir, dass jeder Bestattungsfall oder Exhumierung eine eigene spezielle Aufgabe darstellt. Daher stehen wir Ihnen gerne und jederzeit f\u00fcr n\u00e4here Informationen und Absprachen, sowie\u00a0 spezielle hier nicht angef\u00fchrte W\u00fcnsche, zur Verf\u00fcgung!<\/p>\n","protected":false},"excerpt":{"rendered":"<p>Wir haben uns auf einen schnellen und w\u00fcrdevollen Transport Verstorbener spezialisiert und k\u00f6nnen daher die Bestattungskosten auf ein Minimum reduzieren. Ob nationale oder internationale Trauerf\u00e4lle, auch in L\u00e4ndern, in denen normalerweise noch Transporte und Reisen schwierig und mit Gefahren verbunden &hellip; <a href=\"https:\/\/woeginger.net\/?page_id=6\">Weiterlesen <span class=\"meta-nav\">&rarr;<\/span><\/a><\/p>\n","protected":false},"author":1,"featured_media":0,"parent":0,"menu_order":0,"comment_status":"closed","ping_status":"closed","template":"","meta":{"footnotes":""},"class_list":["post-6","page","type-page","status-publish","hentry"],"_links":{"self":[{"href":"https:\/\/woeginger.net\/index.php?rest_route=\/wp\/v2\/pages\/6","targetHints":{"allow":["GET"]}}],"collection":[{"href":"https:\/\/woeginger.net\/index.php?rest_route=\/wp\/v2\/pages"}],"about":[{"href":"https:\/\/woeginger.net\/index.php?rest_route=\/wp\/v2\/types\/page"}],"author":[{"embeddable":true,"href":"https:\/\/woeginger.net\/index.php?rest_route=\/wp\/v2\/users\/1"}],"replies":[{"embeddable":true,"href":"https:\/\/woeginger.net\/index.php?rest_route=%2Fwp%2Fv2%2Fcomments&post=6"}],"version-history":[{"count":2,"href":"https:\/\/woeginger.net\/index.php?rest_route=\/wp\/v2\/pages\/6\/revisions"}],"predecessor-version":[{"id":8,"href":"https:\/\/woeginger.net\/index.php?rest_route=\/wp\/v2\/pages\/6\/revisions\/8"}],"wp:attachment":[{"href":"https:\/\/woeginger.net\/index.php?rest_route=%2Fwp%2Fv2%2Fmedia&parent=6"}],"curies":[{"name":"wp","href":"https:\/\/api.w.org\/{rel}","templated":true}]}}