{"id":35,"date":"2016-04-29T10:48:24","date_gmt":"2016-04-29T08:48:24","guid":{"rendered":"https:\/\/woeginger.net\/?page_id=35"},"modified":"2016-04-29T20:34:15","modified_gmt":"2016-04-29T18:34:15","slug":"kontakt","status":"publish","type":"page","link":"https:\/\/woeginger.net\/?page_id=35","title":{"rendered":"Kontakt"},"content":{"rendered":"<p>Bestattungen Peter W\u00f6ginger<\/p>\n<p>Klosterhofstra\u00dfe 13<br \/>\n3370 Ybbs<br \/>\nTel.: +43 (0) 676 419 471 5<br \/>\ne-mail: <a href=\"mailto:peter.woeginger@gmx.com\">peter.woeginger@gmx.com<\/a><\/p>\n<p>Beh\u00f6rde gem. ECG: Bezirkshauptmannschaft Melk<br \/>\nUID : ATU 18900508<\/p>\n<p><iframe loading=\"lazy\" src=\"https:\/\/www.google.com\/maps\/embed?pb=!1m18!1m12!1m3!1d2660.31641358124!2d15.071525515792363!3d48.181254756096635!2m3!1f0!2f0!3f0!3m2!1i1024!2i768!4f13.1!3m3!1m2!1s0x4772436e905bf4ef%3A0x52a302d48a1043fd!2sKlosterhofstra%C3%9Fe+13%2C+3370+Ybbs+an+der+Donau!5e0!3m2!1sde!2sat!4v1461954828361\" width=\"600\" height=\"450\" frameborder=\"0\" style=\"border:0\" allowfullscreen><\/iframe><\/p>\n","protected":false},"excerpt":{"rendered":"<p>Bestattungen Peter W\u00f6ginger Klosterhofstra\u00dfe 13 3370 Ybbs Tel.: +43 (0) 676 419 471 5 e-mail: peter.woeginger@gmx.com Beh\u00f6rde gem. ECG: Bezirkshauptmannschaft Melk UID : ATU 18900508<\/p>\n","protected":false},"author":1,"featured_media":0,"parent":0,"menu_order":0,"comment_status":"closed","ping_status":"closed","template":"","meta":{"footnotes":""},"class_list":["post-35","page","type-page","status-publish","hentry"],"_links":{"self":[{"href":"https:\/\/woeginger.net\/index.php?rest_route=\/wp\/v2\/pages\/35","targetHints":{"allow":["GET"]}}],"collection":[{"href":"https:\/\/woeginger.net\/index.php?rest_route=\/wp\/v2\/pages"}],"about":[{"href":"https:\/\/woeginger.net\/index.php?rest_route=\/wp\/v2\/types\/page"}],"author":[{"embeddable":true,"href":"https:\/\/woeginger.net\/index.php?rest_route=\/wp\/v2\/users\/1"}],"replies":[{"embeddable":true,"href":"https:\/\/woeginger.net\/index.php?rest_route=%2Fwp%2Fv2%2Fcomments&post=35"}],"version-history":[{"count":2,"href":"https:\/\/woeginger.net\/index.php?rest_route=\/wp\/v2\/pages\/35\/revisions"}],"predecessor-version":[{"id":39,"href":"https:\/\/woeginger.net\/index.php?rest_route=\/wp\/v2\/pages\/35\/revisions\/39"}],"wp:attachment":[{"href":"https:\/\/woeginger.net\/index.php?rest_route=%2Fwp%2Fv2%2Fmedia&parent=35"}],"curies":[{"name":"wp","href":"https:\/\/api.w.org\/{rel}","templated":true}]}}